{"id":821,"date":"2020-12-17T20:49:47","date_gmt":"2020-12-17T20:49:47","guid":{"rendered":"https:\/\/robscott.online\/?page_id=821"},"modified":"2022-08-12T02:05:09","modified_gmt":"2022-08-12T07:05:09","slug":"nuestro-enfoque","status":"publish","type":"page","link":"https:\/\/pflaw.com\/es\/nuestro-enfoque\/","title":{"rendered":"Nuestro Enfoque"},"content":{"rendered":"<div><\/div>\n<div>\n<h4>\u00bfQu\u00e9 nos diferencia?<\/h4>\n<p>Pruess | Foster Law se fund\u00f3 sobre el principio fundamental de que toda persona, independientemente de su riqueza o estatus social, tiene derecho a una representaci\u00f3n legal de la m\u00e1s alta calidad. Los socios fundadores TJ Preuss y Shawn Foster se comprometen a representar a sus clientes de la misma manera que los socios quisieran que sus familiares y amigos fueran representados.<\/p>\n<p>Hemos desarrollado una reputaci\u00f3n nacional al representar a clientes de los 50 estados y que residen en otros pa\u00edses. Tambi\u00e9n somos bien conocidos en Kansas City, St. Louis, Springfield y en los peque\u00f1os pueblos de Missouri y Kansas, donde hemos practicado durante los \u00faltimos veinte a\u00f1os. Nos hemos enfrentado a las mas grandes empresas y a las corporaciones m\u00e1s grandes, y hemos ganado. Nuestros resultados hablan por s\u00ed mismos. No solo estamos comprometidos en obtener justicia para nuestros clientes. Estamos comprometidos a proporcionar los recursos para que nuestros clientes restablezcan su salud financiera y emocional.\n<\/p>\n<\/div>\n<div>\n<h4>Tenemos dos objetivos principales.  <\/h4>\n<p class=\"goal\"><span>01<\/span>El primero es ayudarle a reconstruir su vida. Si result\u00f3 herido o est\u00e1 de duelo por la muerte de un ser querido, esto puede destrozar su vida por completo. Es posible que no pueda trabajar, experimentar\u00e1 estr\u00e9s, se acumular\u00e1n facturas m\u00e9dicas y las compa\u00f1\u00edas de seguros lo llamar\u00e1n y le enviar\u00e1n monta\u00f1as de papeleo. La compa\u00f1\u00eda de seguros intentar\u00e1 que usted declare algo en contra de sus intereses para que puedan escapar de la responsabilidad. Sabemos que cuando alguien sufre da\u00f1os o lesiones graves, tiene un efecto domin\u00f3 en todas las \u00e1reas de la vida de esa persona. Su matrimonio se ve afectado. Su empleo se ve afectado. Su capacidad para disfrutar de la vida se ve afectada. Est\u00e1 sufriendo porque alguien m\u00e1s hizo algo incorrecto, sin tener en cuenta c\u00f3mo sus acciones pueden afectar a personas inocentes. Cuando trabajamos juntos para reconstruir su vida, nos enfocamos en brindarle la atenci\u00f3n m\u00e9dica y la compensaci\u00f3n financiera que necesita.<\/p>\n<p class=\"goal\"><span>02<\/span>Nuestro segundo objetivo fundamental es trabajar con usted para cambiar el sistema. Esa ha sido una se\u00f1a de identidad de Preuss | Foster desde el primer d\u00eda. Nuestros clientes no solo quieren reconstruir sus vidas. Quieren que aboguemos incansablemente y enviemos un mensaje a las compa\u00f1\u00edas de seguros y las grandes empresas de que ciertas conductas no son aceptables. Queremos ser la voz de nuestros clientes y obligar a los malhechores a hacer cambios para que otra familia nunca tenga que experimentar la misma p\u00e9rdida y dolor. Como sus abogados, obligaremos a las empresas e industrias a cambiar sus pr\u00e1cticas para que otras personas no tengan que pasar por lo que usted pas\u00f3. Cuando presenta una demanda y expone al malhechor, no solo est\u00e1 ayudando a su familia, sino que est\u00e1 sirviendo a la comunidad. Usted, responsabilizando al malhechor, no solo le garantiza una forma de justicia, sino que tendr\u00e1 un efecto duradero dentro de nuestra comunidad.<\/p>\n<p>Si cumplimos nuestras metas, entonces cumpliremos nuestra Misi\u00f3n. Nuestra Misi\u00f3n es simple. Queremos obtener justicia para nuestros clientes que han sido da\u00f1ados o perjudicados por las malas acciones de otros al buscar una compensaci\u00f3n total por sus p\u00e9rdidas. Tambi\u00e9n queremos castigar al malhechor para que nadie m\u00e1s resulte perjudicado.<\/p>\n<p>Estamos orgullosos de ser abogados litigantes. Sabemos que somos el sistema de justicia fuerte al proteger los derechos del individuo. Apoyamos firmemente a la Asociaci\u00f3n de Abogados Litigantes de Missouri y otras organizaciones en todo el pa\u00eds que ayudan a mantener la puerta del juzgado abierta para todos, no solo para las grandes corporaciones. Nos orientamos a los resultados y somos muy agresivos cuando representamos a nuestros clientes. Nuestros abogados aportan una s\u00f3lida combinaci\u00f3n de experiencia, educaci\u00f3n y conocimiento pr\u00e1ctico cuando luchan por nuestros clientes.<\/p>\n<\/div>\n<div>\n<h4>Nos lo tomamos como algo personal<\/h4>\n<p>Sabemos que inmediatamente se enfrenta a muchas preguntas una vez que usted o un miembro de su familia se lesiona. \u00bfC\u00f3mo va a pagar las facturas m\u00e9dicas del m\u00e9dico y del hospital? \u00bfVa a poder faltar al trabajo para sus citas m\u00e9dicas? \u00bfC\u00f3mo va a cumplir con sus facturas mensuales? Las decisiones a las que se enfrenta pueden ser abrumadoras, y las compa\u00f1\u00edas de seguros saben que se enfrenta a estos problemas. La compa\u00f1\u00eda de seguros lo llamar\u00e1 de inmediato y se har\u00e1 amigo de usted para hacerle preguntas que est\u00e1n redactadas para ayudarlos a ellos y no a usted. La forma en que responda a estos problemas afectar\u00e1 directamente su caso.<\/p>\n<p>Esto puede ser aterrador y abrumador. Sabemos por representar a miles de clientes que ha habido muchas noches sin dormir. Ha habido muchas discusiones innecesarias.<\/p>\n<p>\u00bfC\u00f3mo pagar\u00e1 las facturas y los requisitos diarios que debe pagar con el acuerdo ofensivo que le ofrece la compa\u00f1\u00eda de seguros? No se tarda mucho en darse cuenta de que la compa\u00f1\u00eda de seguros est\u00e1 luchando por s\u00ed misma y por sus intereses. En Preuss | Foster, sabemos que la compa\u00f1\u00eda de seguros inmediatamente comienza a trabajar en su contra con su ej\u00e9rcito de ajustadores de reclamos y abogados. Consultamos diariamente con personas que nunca han contratado a un abogado y no se consideran &#8220;del tipo&#8221; que contrata a un abogado. A los 10 minutos de la consulta gratuita, los vemos menos estresados \u200b\u200by experimentan alivio al obtener respuestas a sus preguntas.<\/p>\n<\/div>\n<div>\n<h4>Usted y su familia merecen la mejor representaci\u00f3n<\/h4>\n<p>Si usted o un miembro de su familia ha resultado da\u00f1ado o lesionado, nuestro equipo de abogados dedicados de renombre nacional en Preuss | Foster Law est\u00e1 aqu\u00ed para ayudarlo a obtener justicia. Cuando contratas a Preuss | Foster Law, tomamos cada parte de su caso personalmente y lo prepararemos para que tenga \u00e9xito en el juicio.<\/p>\n<p>Nuestros abogados son muy receptivos a sus inquietudes y lo ayudan a guiarlo en cada paso del proceso.<\/p>\n<p>Llame a las oficinas de Preuss | Foster Law al <a href=\"tel:+18163072788\">(816)307-2788<\/a> y reciba la atenci\u00f3n personalizada que se merece.<\/p>\n<\/div>\n","protected":false},"excerpt":{"rendered":"<p>\u00bfQu\u00e9 nos diferencia? Pruess | Foster Law se fund\u00f3 sobre el principio fundamental de que toda persona, independientemente de su riqueza o estatus social, tiene derecho a una representaci\u00f3n legal de la m\u00e1s alta calidad. Los socios fundadores TJ Preuss y Shawn Foster se comprometen a representar a sus clientes de la misma manera que [&hellip;]<\/p>\n","protected":false},"author":2,"featured_media":993,"parent":0,"menu_order":0,"comment_status":"closed","ping_status":"closed","template":"page-circle.php","meta":{"_trash_the_other_posts":false,"editor_notices":[],"footnotes":""},"class_list":["post-821","page","type-page","status-publish","has-post-thumbnail","hentry"],"yoast_head":"<!-- This site is optimized with the Yoast SEO plugin v26.1.1 - https:\/\/yoast.com\/wordpress\/plugins\/seo\/ -->\n<title>Nuestro Enfoque - Preuss | Foster Law<\/title>\n<meta name=\"robots\" content=\"index, follow, max-snippet:-1, max-image-preview:large, max-video-preview:-1\" \/>\n<link rel=\"canonical\" href=\"https:\/\/pflaw.com\/es\/nuestro-enfoque\/\" \/>\n<meta property=\"og:locale\" content=\"en_US\" \/>\n<meta property=\"og:type\" content=\"article\" \/>\n<meta property=\"og:title\" content=\"Nuestro Enfoque - Preuss | Foster Law\" \/>\n<meta property=\"og:description\" content=\"\u00bfQu\u00e9 nos diferencia? Pruess | Foster Law se fund\u00f3 sobre el principio fundamental de que toda persona, independientemente de su riqueza o estatus social, tiene derecho a una representaci\u00f3n legal de la m\u00e1s alta calidad. Los socios fundadores TJ Preuss y Shawn Foster se comprometen a representar a sus clientes de la misma manera que [&hellip;]\" \/>\n<meta property=\"og:url\" content=\"https:\/\/pflaw.com\/es\/nuestro-enfoque\/\" \/>\n<meta property=\"og:site_name\" content=\"Preuss | Foster Law\" \/>\n<meta property=\"article:modified_time\" content=\"2022-08-12T07:05:09+00:00\" \/>\n<meta property=\"og:image\" content=\"https:\/\/pflaw.com\/es\/wp-content\/uploads\/sites\/2\/2021\/03\/preuss-foster-approach-bg.jpg\" \/>\n\t<meta property=\"og:image:width\" content=\"768\" \/>\n\t<meta property=\"og:image:height\" content=\"768\" \/>\n\t<meta property=\"og:image:type\" content=\"image\/jpeg\" \/>\n<meta name=\"twitter:card\" content=\"summary_large_image\" \/>\n<script type=\"application\/ld+json\" class=\"yoast-schema-graph\">{\"@context\":\"https:\/\/schema.org\",\"@graph\":[{\"@type\":\"WebPage\",\"@id\":\"https:\/\/pflaw.com\/es\/nuestro-enfoque\/\",\"url\":\"https:\/\/pflaw.com\/es\/nuestro-enfoque\/\",\"name\":\"Nuestro Enfoque - Preuss | Foster Law\",\"isPartOf\":{\"@id\":\"https:\/\/pflaw.com\/es\/#website\"},\"primaryImageOfPage\":{\"@id\":\"https:\/\/pflaw.com\/es\/nuestro-enfoque\/#primaryimage\"},\"image\":{\"@id\":\"https:\/\/pflaw.com\/es\/nuestro-enfoque\/#primaryimage\"},\"thumbnailUrl\":\"https:\/\/pflaw.com\/es\/wp-content\/uploads\/sites\/2\/2021\/03\/preuss-foster-approach-bg.jpg\",\"datePublished\":\"2020-12-17T20:49:47+00:00\",\"dateModified\":\"2022-08-12T07:05:09+00:00\",\"breadcrumb\":{\"@id\":\"https:\/\/pflaw.com\/es\/nuestro-enfoque\/#breadcrumb\"},\"inLanguage\":\"en-US\",\"potentialAction\":[{\"@type\":\"ReadAction\",\"target\":[\"https:\/\/pflaw.com\/es\/nuestro-enfoque\/\"]}]},{\"@type\":\"ImageObject\",\"inLanguage\":\"en-US\",\"@id\":\"https:\/\/pflaw.com\/es\/nuestro-enfoque\/#primaryimage\",\"url\":\"https:\/\/pflaw.com\/es\/wp-content\/uploads\/sites\/2\/2021\/03\/preuss-foster-approach-bg.jpg\",\"contentUrl\":\"https:\/\/pflaw.com\/es\/wp-content\/uploads\/sites\/2\/2021\/03\/preuss-foster-approach-bg.jpg\",\"width\":768,\"height\":768},{\"@type\":\"BreadcrumbList\",\"@id\":\"https:\/\/pflaw.com\/es\/nuestro-enfoque\/#breadcrumb\",\"itemListElement\":[{\"@type\":\"ListItem\",\"position\":1,\"name\":\"Home\",\"item\":\"https:\/\/pflaw.com\/es\/\"},{\"@type\":\"ListItem\",\"position\":2,\"name\":\"Nuestro Enfoque\"}]},{\"@type\":\"WebSite\",\"@id\":\"https:\/\/pflaw.com\/es\/#website\",\"url\":\"https:\/\/pflaw.com\/es\/\",\"name\":\"Preuss | Foster Law\",\"description\":\"Lawyers With... National Experience.  Proven Success.  Local Commitment.\",\"publisher\":{\"@id\":\"https:\/\/pflaw.com\/es\/#organization\"},\"potentialAction\":[{\"@type\":\"SearchAction\",\"target\":{\"@type\":\"EntryPoint\",\"urlTemplate\":\"https:\/\/pflaw.com\/es\/?s={search_term_string}\"},\"query-input\":{\"@type\":\"PropertyValueSpecification\",\"valueRequired\":true,\"valueName\":\"search_term_string\"}}],\"inLanguage\":\"en-US\"},{\"@type\":\"Organization\",\"@id\":\"https:\/\/pflaw.com\/es\/#organization\",\"name\":\"Preuss | Foster Law\",\"url\":\"https:\/\/pflaw.com\/es\/\",\"logo\":{\"@type\":\"ImageObject\",\"inLanguage\":\"en-US\",\"@id\":\"https:\/\/pflaw.com\/es\/#\/schema\/logo\/image\/\",\"url\":\"https:\/\/pflaw.com\/es\/wp-content\/uploads\/sites\/2\/2021\/07\/pflaw-opengraph-image.jpg\",\"contentUrl\":\"https:\/\/pflaw.com\/es\/wp-content\/uploads\/sites\/2\/2021\/07\/pflaw-opengraph-image.jpg\",\"width\":1200,\"height\":627,\"caption\":\"Preuss | Foster Law\"},\"image\":{\"@id\":\"https:\/\/pflaw.com\/es\/#\/schema\/logo\/image\/\"}}]}<\/script>\n<!-- \/ Yoast SEO plugin. -->","yoast_head_json":{"title":"Nuestro Enfoque - Preuss | Foster Law","robots":{"index":"index","follow":"follow","max-snippet":"max-snippet:-1","max-image-preview":"max-image-preview:large","max-video-preview":"max-video-preview:-1"},"canonical":"https:\/\/pflaw.com\/es\/nuestro-enfoque\/","og_locale":"en_US","og_type":"article","og_title":"Nuestro Enfoque - Preuss | Foster Law","og_description":"\u00bfQu\u00e9 nos diferencia? Pruess | Foster Law se fund\u00f3 sobre el principio fundamental de que toda persona, independientemente de su riqueza o estatus social, tiene derecho a una representaci\u00f3n legal de la m\u00e1s alta calidad. Los socios fundadores TJ Preuss y Shawn Foster se comprometen a representar a sus clientes de la misma manera que [&hellip;]","og_url":"https:\/\/pflaw.com\/es\/nuestro-enfoque\/","og_site_name":"Preuss | Foster Law","article_modified_time":"2022-08-12T07:05:09+00:00","og_image":[{"width":768,"height":768,"url":"https:\/\/pflaw.com\/es\/wp-content\/uploads\/sites\/2\/2021\/03\/preuss-foster-approach-bg.jpg","type":"image\/jpeg"}],"twitter_card":"summary_large_image","schema":{"@context":"https:\/\/schema.org","@graph":[{"@type":"WebPage","@id":"https:\/\/pflaw.com\/es\/nuestro-enfoque\/","url":"https:\/\/pflaw.com\/es\/nuestro-enfoque\/","name":"Nuestro Enfoque - Preuss | Foster Law","isPartOf":{"@id":"https:\/\/pflaw.com\/es\/#website"},"primaryImageOfPage":{"@id":"https:\/\/pflaw.com\/es\/nuestro-enfoque\/#primaryimage"},"image":{"@id":"https:\/\/pflaw.com\/es\/nuestro-enfoque\/#primaryimage"},"thumbnailUrl":"https:\/\/pflaw.com\/es\/wp-content\/uploads\/sites\/2\/2021\/03\/preuss-foster-approach-bg.jpg","datePublished":"2020-12-17T20:49:47+00:00","dateModified":"2022-08-12T07:05:09+00:00","breadcrumb":{"@id":"https:\/\/pflaw.com\/es\/nuestro-enfoque\/#breadcrumb"},"inLanguage":"en-US","potentialAction":[{"@type":"ReadAction","target":["https:\/\/pflaw.com\/es\/nuestro-enfoque\/"]}]},{"@type":"ImageObject","inLanguage":"en-US","@id":"https:\/\/pflaw.com\/es\/nuestro-enfoque\/#primaryimage","url":"https:\/\/pflaw.com\/es\/wp-content\/uploads\/sites\/2\/2021\/03\/preuss-foster-approach-bg.jpg","contentUrl":"https:\/\/pflaw.com\/es\/wp-content\/uploads\/sites\/2\/2021\/03\/preuss-foster-approach-bg.jpg","width":768,"height":768},{"@type":"BreadcrumbList","@id":"https:\/\/pflaw.com\/es\/nuestro-enfoque\/#breadcrumb","itemListElement":[{"@type":"ListItem","position":1,"name":"Home","item":"https:\/\/pflaw.com\/es\/"},{"@type":"ListItem","position":2,"name":"Nuestro Enfoque"}]},{"@type":"WebSite","@id":"https:\/\/pflaw.com\/es\/#website","url":"https:\/\/pflaw.com\/es\/","name":"Preuss | Foster Law","description":"Lawyers With... National Experience.  Proven Success.  Local Commitment.","publisher":{"@id":"https:\/\/pflaw.com\/es\/#organization"},"potentialAction":[{"@type":"SearchAction","target":{"@type":"EntryPoint","urlTemplate":"https:\/\/pflaw.com\/es\/?s={search_term_string}"},"query-input":{"@type":"PropertyValueSpecification","valueRequired":true,"valueName":"search_term_string"}}],"inLanguage":"en-US"},{"@type":"Organization","@id":"https:\/\/pflaw.com\/es\/#organization","name":"Preuss | Foster Law","url":"https:\/\/pflaw.com\/es\/","logo":{"@type":"ImageObject","inLanguage":"en-US","@id":"https:\/\/pflaw.com\/es\/#\/schema\/logo\/image\/","url":"https:\/\/pflaw.com\/es\/wp-content\/uploads\/sites\/2\/2021\/07\/pflaw-opengraph-image.jpg","contentUrl":"https:\/\/pflaw.com\/es\/wp-content\/uploads\/sites\/2\/2021\/07\/pflaw-opengraph-image.jpg","width":1200,"height":627,"caption":"Preuss | Foster Law"},"image":{"@id":"https:\/\/pflaw.com\/es\/#\/schema\/logo\/image\/"}}]}},"_links":{"self":[{"href":"https:\/\/pflaw.com\/es\/wp-json\/wp\/v2\/pages\/821","targetHints":{"allow":["GET"]}}],"collection":[{"href":"https:\/\/pflaw.com\/es\/wp-json\/wp\/v2\/pages"}],"about":[{"href":"https:\/\/pflaw.com\/es\/wp-json\/wp\/v2\/types\/page"}],"author":[{"embeddable":true,"href":"https:\/\/pflaw.com\/es\/wp-json\/wp\/v2\/users\/2"}],"replies":[{"embeddable":true,"href":"https:\/\/pflaw.com\/es\/wp-json\/wp\/v2\/comments?post=821"}],"version-history":[{"count":4,"href":"https:\/\/pflaw.com\/es\/wp-json\/wp\/v2\/pages\/821\/revisions"}],"predecessor-version":[{"id":1444,"href":"https:\/\/pflaw.com\/es\/wp-json\/wp\/v2\/pages\/821\/revisions\/1444"}],"wp:featuredmedia":[{"embeddable":true,"href":"https:\/\/pflaw.com\/es\/wp-json\/wp\/v2\/media\/993"}],"wp:attachment":[{"href":"https:\/\/pflaw.com\/es\/wp-json\/wp\/v2\/media?parent=821"}],"curies":[{"name":"wp","href":"https:\/\/api.w.org\/{rel}","templated":true}]}}