{"id":36,"date":"2020-07-25T23:59:12","date_gmt":"2020-07-25T23:59:12","guid":{"rendered":"https:\/\/robscott.online\/?page_id=36"},"modified":"2022-08-12T02:07:18","modified_gmt":"2022-08-12T07:07:18","slug":"sin-cargo-hasta-que-gane","status":"publish","type":"page","link":"https:\/\/pflaw.com\/es\/sin-cargo-hasta-que-gane\/","title":{"rendered":"Sin Cargo Hasta Que Gane"},"content":{"rendered":"<h4 class=\"nofee-subtitle\">En Preuss | Foster Law Nos pagan sobre la base de una tarifa de contingencia: si no gana, no recibimos honorarios.<\/h4>\n<p>La pregunta m\u00e1s com\u00fan que hacen los clientes es: \u00bfc\u00f3mo podemos pagar un abogado? La familia promedio no puede permitirse pagar abogados por hora para contratar grandes seguros y grandes negocios. Muy pocas &#8220;personas reales&#8221; pueden darse el lujo de hacer eso, por lo que si la facturaci\u00f3n por hora fuera la \u00fanica forma en que se podr\u00eda pagar a un abogado, la gran mayor\u00eda de las personas con lesiones graves no podr\u00edan permitirse presentar un reclamo o una demanda contra una gran empresa o compa\u00f1\u00eda de seguros. Preuss | Foster Law cree que el sistema legal de &#8220;pago por hora&#8221; cierra las puertas de los juzgados para las personas que han resultado heridas. <\/p>\n<p>Los abogados de Preuss | Foster Law tienen confianza en los casos de sus clientes. Debido a esto, la firma trabaja sobre una base de honorarios de contingencia. Esto significa que nuestros clientes no deben honorarios de abogados y no tendr\u00e1n que pagar ning\u00fan costo hasta que se obtenga una recuperaci\u00f3n para el cliente en el caso. En otras palabras, nuestros clientes no nos pagan nada mientras estamos trabajando en su caso. De hecho, no recibimos ninguna tarifa hasta que obtengamos una compensaci\u00f3n financiera para nuestro cliente, y luego nuestra tarifa es un porcentaje de esa recuperaci\u00f3n. Preuss | Foster Law asume el riesgo financiero, pero a cambio de que nosotros asumamos el riesgo, las puertas del juzgado permanecen abiertas para todos. Si no gana, no recibimos una tarifa. No hay secretos ni sorpresas en Preuss | Foster. Explicamos nuestra tarifa contingente cuando un cliente nos contacta por primera vez.<\/p>\n<p>No todas las firmas de abogados est\u00e1n dispuestas a invertir en el caso de un cliente. A la mayor\u00eda de los bufetes de abogados de defensa se les paga en base a una &#8220;tarifa por hora&#8221;. Cuando usted se lesiona, la compa\u00f1\u00eda de seguros contratar\u00e1 abogados para que inmediatamente comiencen a trabajar en su contra. Los abogados que defienden a las compa\u00f1\u00edas de seguros y a las grandes empresas generalmente son pagados por sus clientes en &#8220;tarifas por hora&#8221;. Env\u00edan a sus clientes una factura peri\u00f3dicamente (generalmente facturas mensuales) por las horas trabajadas durante ese per\u00edodo de tiempo, y se les paga cada mes durante la vida de un caso. Como los abogados trabajan por horas, pensar\u00e1n en todos los \u00e1ngulos para investigar su caso, de modo que puedan facturar m\u00e1s horas a la compa\u00f1\u00eda de seguros. A los abogados que cobran por hora se les paga ya sea que ganen o pierdan. Las compa\u00f1\u00edas de seguros, como Shelter Insurance y State Farm, y las grandes empresas pueden pagar a sus abogados las decenas o cientos de miles de d\u00f3lares necesarios para financiar un caso de principio a fin.<\/p>\n<p>Si no gana, no recibimos una tarifa. No hay secretos ni sorpresas en Preuss | Alentar.<\/p>\n<h4 class=\"nofee-subtitle\">Usted y su familia se merecen lo mejor<\/h4>\n<p>Si usted o un miembro de su familia ha resultado lesionado, nuestro equipo de abogados dedicados a lesiones personales de renombre nacional en Preuss | Foster est\u00e1 aqu\u00ed para ayudar. Cuando toma la decisi\u00f3n de trabajar con Preuss | Foster, tomamos cada parte de su caso personalmente y estamos listos para llevarlo a juicio para intentar asegurar una compensaci\u00f3n justa.<\/p>\n<p>Nuestros abogados altamente calificados son altamente receptivos a sus inquietudes y lo ayudar\u00e1n a guiarlo en cada paso del proceso. Llame a las oficinas de Preuss | Foster al <a href=\"tel:+18163072788\">(816)307-2788<\/a> y recibe la atenci\u00f3n personalizada que se merece.<\/p>\n","protected":false},"excerpt":{"rendered":"<p>En Preuss | Foster Law Nos pagan sobre la base de una tarifa de contingencia: si no gana, no recibimos honorarios. La pregunta m\u00e1s com\u00fan que hacen los clientes es: \u00bfc\u00f3mo podemos pagar un abogado? La familia promedio no puede permitirse pagar abogados por hora para contratar grandes seguros y grandes negocios. Muy pocas &#8220;personas [&hellip;]<\/p>\n","protected":false},"author":2,"featured_media":982,"parent":0,"menu_order":0,"comment_status":"closed","ping_status":"closed","template":"page-circle.php","meta":{"_trash_the_other_posts":false,"editor_notices":[],"footnotes":""},"class_list":["post-36","page","type-page","status-publish","has-post-thumbnail","hentry"],"yoast_head":"<!-- This site is optimized with the Yoast SEO plugin v26.1.1 - https:\/\/yoast.com\/wordpress\/plugins\/seo\/ -->\n<title>Sin Cargo Hasta Que Gane - Preuss | Foster Law<\/title>\n<meta name=\"robots\" content=\"index, follow, max-snippet:-1, max-image-preview:large, max-video-preview:-1\" \/>\n<link rel=\"canonical\" href=\"https:\/\/pflaw.com\/es\/sin-cargo-hasta-que-gane\/\" \/>\n<meta property=\"og:locale\" content=\"en_US\" \/>\n<meta property=\"og:type\" content=\"article\" \/>\n<meta property=\"og:title\" content=\"Sin Cargo Hasta Que Gane - Preuss | Foster Law\" \/>\n<meta property=\"og:description\" content=\"En Preuss | Foster Law Nos pagan sobre la base de una tarifa de contingencia: si no gana, no recibimos honorarios. La pregunta m\u00e1s com\u00fan que hacen los clientes es: \u00bfc\u00f3mo podemos pagar un abogado? La familia promedio no puede permitirse pagar abogados por hora para contratar grandes seguros y grandes negocios. Muy pocas &#8220;personas [&hellip;]\" \/>\n<meta property=\"og:url\" content=\"https:\/\/pflaw.com\/es\/sin-cargo-hasta-que-gane\/\" \/>\n<meta property=\"og:site_name\" content=\"Preuss | Foster Law\" \/>\n<meta property=\"article:modified_time\" content=\"2022-08-12T07:07:18+00:00\" \/>\n<meta property=\"og:image\" content=\"https:\/\/pflaw.com\/es\/wp-content\/uploads\/sites\/2\/2021\/03\/pflaw-no-fee-background.jpg\" \/>\n\t<meta property=\"og:image:width\" content=\"768\" \/>\n\t<meta property=\"og:image:height\" content=\"768\" \/>\n\t<meta property=\"og:image:type\" content=\"image\/jpeg\" \/>\n<meta name=\"twitter:card\" content=\"summary_large_image\" \/>\n<script type=\"application\/ld+json\" class=\"yoast-schema-graph\">{\"@context\":\"https:\/\/schema.org\",\"@graph\":[{\"@type\":\"WebPage\",\"@id\":\"https:\/\/pflaw.com\/es\/sin-cargo-hasta-que-gane\/\",\"url\":\"https:\/\/pflaw.com\/es\/sin-cargo-hasta-que-gane\/\",\"name\":\"Sin Cargo Hasta Que Gane - Preuss | Foster Law\",\"isPartOf\":{\"@id\":\"https:\/\/pflaw.com\/es\/#website\"},\"primaryImageOfPage\":{\"@id\":\"https:\/\/pflaw.com\/es\/sin-cargo-hasta-que-gane\/#primaryimage\"},\"image\":{\"@id\":\"https:\/\/pflaw.com\/es\/sin-cargo-hasta-que-gane\/#primaryimage\"},\"thumbnailUrl\":\"https:\/\/pflaw.com\/es\/wp-content\/uploads\/sites\/2\/2021\/03\/pflaw-no-fee-background.jpg\",\"datePublished\":\"2020-07-25T23:59:12+00:00\",\"dateModified\":\"2022-08-12T07:07:18+00:00\",\"breadcrumb\":{\"@id\":\"https:\/\/pflaw.com\/es\/sin-cargo-hasta-que-gane\/#breadcrumb\"},\"inLanguage\":\"en-US\",\"potentialAction\":[{\"@type\":\"ReadAction\",\"target\":[\"https:\/\/pflaw.com\/es\/sin-cargo-hasta-que-gane\/\"]}]},{\"@type\":\"ImageObject\",\"inLanguage\":\"en-US\",\"@id\":\"https:\/\/pflaw.com\/es\/sin-cargo-hasta-que-gane\/#primaryimage\",\"url\":\"https:\/\/pflaw.com\/es\/wp-content\/uploads\/sites\/2\/2021\/03\/pflaw-no-fee-background.jpg\",\"contentUrl\":\"https:\/\/pflaw.com\/es\/wp-content\/uploads\/sites\/2\/2021\/03\/pflaw-no-fee-background.jpg\",\"width\":768,\"height\":768},{\"@type\":\"BreadcrumbList\",\"@id\":\"https:\/\/pflaw.com\/es\/sin-cargo-hasta-que-gane\/#breadcrumb\",\"itemListElement\":[{\"@type\":\"ListItem\",\"position\":1,\"name\":\"Home\",\"item\":\"https:\/\/pflaw.com\/es\/\"},{\"@type\":\"ListItem\",\"position\":2,\"name\":\"Sin Cargo Hasta Que Gane\"}]},{\"@type\":\"WebSite\",\"@id\":\"https:\/\/pflaw.com\/es\/#website\",\"url\":\"https:\/\/pflaw.com\/es\/\",\"name\":\"Preuss | Foster Law\",\"description\":\"Lawyers With... National Experience.  Proven Success.  Local Commitment.\",\"publisher\":{\"@id\":\"https:\/\/pflaw.com\/es\/#organization\"},\"potentialAction\":[{\"@type\":\"SearchAction\",\"target\":{\"@type\":\"EntryPoint\",\"urlTemplate\":\"https:\/\/pflaw.com\/es\/?s={search_term_string}\"},\"query-input\":{\"@type\":\"PropertyValueSpecification\",\"valueRequired\":true,\"valueName\":\"search_term_string\"}}],\"inLanguage\":\"en-US\"},{\"@type\":\"Organization\",\"@id\":\"https:\/\/pflaw.com\/es\/#organization\",\"name\":\"Preuss | Foster Law\",\"url\":\"https:\/\/pflaw.com\/es\/\",\"logo\":{\"@type\":\"ImageObject\",\"inLanguage\":\"en-US\",\"@id\":\"https:\/\/pflaw.com\/es\/#\/schema\/logo\/image\/\",\"url\":\"https:\/\/pflaw.com\/es\/wp-content\/uploads\/sites\/2\/2021\/07\/pflaw-opengraph-image.jpg\",\"contentUrl\":\"https:\/\/pflaw.com\/es\/wp-content\/uploads\/sites\/2\/2021\/07\/pflaw-opengraph-image.jpg\",\"width\":1200,\"height\":627,\"caption\":\"Preuss | Foster Law\"},\"image\":{\"@id\":\"https:\/\/pflaw.com\/es\/#\/schema\/logo\/image\/\"}}]}<\/script>\n<!-- \/ Yoast SEO plugin. -->","yoast_head_json":{"title":"Sin Cargo Hasta Que Gane - Preuss | Foster Law","robots":{"index":"index","follow":"follow","max-snippet":"max-snippet:-1","max-image-preview":"max-image-preview:large","max-video-preview":"max-video-preview:-1"},"canonical":"https:\/\/pflaw.com\/es\/sin-cargo-hasta-que-gane\/","og_locale":"en_US","og_type":"article","og_title":"Sin Cargo Hasta Que Gane - Preuss | Foster Law","og_description":"En Preuss | Foster Law Nos pagan sobre la base de una tarifa de contingencia: si no gana, no recibimos honorarios. La pregunta m\u00e1s com\u00fan que hacen los clientes es: \u00bfc\u00f3mo podemos pagar un abogado? La familia promedio no puede permitirse pagar abogados por hora para contratar grandes seguros y grandes negocios. Muy pocas &#8220;personas [&hellip;]","og_url":"https:\/\/pflaw.com\/es\/sin-cargo-hasta-que-gane\/","og_site_name":"Preuss | Foster Law","article_modified_time":"2022-08-12T07:07:18+00:00","og_image":[{"width":768,"height":768,"url":"https:\/\/pflaw.com\/es\/wp-content\/uploads\/sites\/2\/2021\/03\/pflaw-no-fee-background.jpg","type":"image\/jpeg"}],"twitter_card":"summary_large_image","schema":{"@context":"https:\/\/schema.org","@graph":[{"@type":"WebPage","@id":"https:\/\/pflaw.com\/es\/sin-cargo-hasta-que-gane\/","url":"https:\/\/pflaw.com\/es\/sin-cargo-hasta-que-gane\/","name":"Sin Cargo Hasta Que Gane - Preuss | Foster Law","isPartOf":{"@id":"https:\/\/pflaw.com\/es\/#website"},"primaryImageOfPage":{"@id":"https:\/\/pflaw.com\/es\/sin-cargo-hasta-que-gane\/#primaryimage"},"image":{"@id":"https:\/\/pflaw.com\/es\/sin-cargo-hasta-que-gane\/#primaryimage"},"thumbnailUrl":"https:\/\/pflaw.com\/es\/wp-content\/uploads\/sites\/2\/2021\/03\/pflaw-no-fee-background.jpg","datePublished":"2020-07-25T23:59:12+00:00","dateModified":"2022-08-12T07:07:18+00:00","breadcrumb":{"@id":"https:\/\/pflaw.com\/es\/sin-cargo-hasta-que-gane\/#breadcrumb"},"inLanguage":"en-US","potentialAction":[{"@type":"ReadAction","target":["https:\/\/pflaw.com\/es\/sin-cargo-hasta-que-gane\/"]}]},{"@type":"ImageObject","inLanguage":"en-US","@id":"https:\/\/pflaw.com\/es\/sin-cargo-hasta-que-gane\/#primaryimage","url":"https:\/\/pflaw.com\/es\/wp-content\/uploads\/sites\/2\/2021\/03\/pflaw-no-fee-background.jpg","contentUrl":"https:\/\/pflaw.com\/es\/wp-content\/uploads\/sites\/2\/2021\/03\/pflaw-no-fee-background.jpg","width":768,"height":768},{"@type":"BreadcrumbList","@id":"https:\/\/pflaw.com\/es\/sin-cargo-hasta-que-gane\/#breadcrumb","itemListElement":[{"@type":"ListItem","position":1,"name":"Home","item":"https:\/\/pflaw.com\/es\/"},{"@type":"ListItem","position":2,"name":"Sin Cargo Hasta Que Gane"}]},{"@type":"WebSite","@id":"https:\/\/pflaw.com\/es\/#website","url":"https:\/\/pflaw.com\/es\/","name":"Preuss | Foster Law","description":"Lawyers With... National Experience.  Proven Success.  Local Commitment.","publisher":{"@id":"https:\/\/pflaw.com\/es\/#organization"},"potentialAction":[{"@type":"SearchAction","target":{"@type":"EntryPoint","urlTemplate":"https:\/\/pflaw.com\/es\/?s={search_term_string}"},"query-input":{"@type":"PropertyValueSpecification","valueRequired":true,"valueName":"search_term_string"}}],"inLanguage":"en-US"},{"@type":"Organization","@id":"https:\/\/pflaw.com\/es\/#organization","name":"Preuss | Foster Law","url":"https:\/\/pflaw.com\/es\/","logo":{"@type":"ImageObject","inLanguage":"en-US","@id":"https:\/\/pflaw.com\/es\/#\/schema\/logo\/image\/","url":"https:\/\/pflaw.com\/es\/wp-content\/uploads\/sites\/2\/2021\/07\/pflaw-opengraph-image.jpg","contentUrl":"https:\/\/pflaw.com\/es\/wp-content\/uploads\/sites\/2\/2021\/07\/pflaw-opengraph-image.jpg","width":1200,"height":627,"caption":"Preuss | Foster Law"},"image":{"@id":"https:\/\/pflaw.com\/es\/#\/schema\/logo\/image\/"}}]}},"_links":{"self":[{"href":"https:\/\/pflaw.com\/es\/wp-json\/wp\/v2\/pages\/36","targetHints":{"allow":["GET"]}}],"collection":[{"href":"https:\/\/pflaw.com\/es\/wp-json\/wp\/v2\/pages"}],"about":[{"href":"https:\/\/pflaw.com\/es\/wp-json\/wp\/v2\/types\/page"}],"author":[{"embeddable":true,"href":"https:\/\/pflaw.com\/es\/wp-json\/wp\/v2\/users\/2"}],"replies":[{"embeddable":true,"href":"https:\/\/pflaw.com\/es\/wp-json\/wp\/v2\/comments?post=36"}],"version-history":[{"count":2,"href":"https:\/\/pflaw.com\/es\/wp-json\/wp\/v2\/pages\/36\/revisions"}],"predecessor-version":[{"id":1448,"href":"https:\/\/pflaw.com\/es\/wp-json\/wp\/v2\/pages\/36\/revisions\/1448"}],"wp:featuredmedia":[{"embeddable":true,"href":"https:\/\/pflaw.com\/es\/wp-json\/wp\/v2\/media\/982"}],"wp:attachment":[{"href":"https:\/\/pflaw.com\/es\/wp-json\/wp\/v2\/media?parent=36"}],"curies":[{"name":"wp","href":"https:\/\/api.w.org\/{rel}","templated":true}]}}