{"id":1562,"date":"2023-09-19T14:56:31","date_gmt":"2023-09-19T19:56:31","guid":{"rendered":"https:\/\/pflaw.com\/es\/?page_id=1562"},"modified":"2023-09-19T14:56:53","modified_gmt":"2023-09-19T19:56:53","slug":"better-community-law","status":"publish","type":"page","link":"https:\/\/pflaw.com\/es\/better-community-law\/","title":{"rendered":"Better Community Law"},"content":{"rendered":"<p>A trav\u00e9s de Better Community Law, nos asociamos con nuestros clientes no solo para obtener una recuperaci\u00f3n monetaria en su nombre, sino tambi\u00e9n para servir a la comunidad en funci\u00f3n de sus intereses. Al brindar un servicio comunitario espec\u00edfico para cada cliente, esperamos ayudar a proteger a otros de sufrir las mismas p\u00e9rdidas que sufrieron nuestros clientes.<\/p>\n<p><img loading=\"lazy\" decoding=\"async\" src=\"https:\/\/pflaw.com\/wp-content\/uploads\/2023\/08\/Better-Community-Law.png\" alt=\"\" width=\"552\" height=\"509\" class=\"alignright size-full wp-image-1692\" \/><\/p>\n<p>Por ejemplo, uno de nuestros clientes anteriores tiene en su coraz\u00f3n a la Casa del Buen Samaritano. Este programa enriquece las vidas de mujeres y ni\u00f1os que se encuentran sin hogar ofreci\u00e9ndoles oportunidades para volverse autosuficientes mientras los apoya en un ambiente cristiano amoroso. Recientemente visitamos la Casa del Buen Samaritano para hacer una donaci\u00f3n monetaria a las instalaciones en nombre de nuestro cliente. Tambi\u00e9n pasamos tiempo con las mujeres y los ni\u00f1os haciendo manualidades y glaseando galletas.<\/p>\n<p>Durante el COVID, nuestros esfuerzos personales y pr\u00e1cticos por una Mejor Ley Comunitaria desafortunadamente tuvieron que detenerse. Durante ese tiempo, sin embargo, hicimos una donaci\u00f3n a Big Brothers Big Sisters de Kansas City. Valoramos profundamente lo que esta organizaci\u00f3n hace por los ni\u00f1os de nuestra comunidad.<\/p>\n<p>Actualmente estamos buscando nuevos proyectos que se beneficiar\u00edan de nuestros esfuerzos de Better Community Law. Comun\u00edquese con nosotros si desea conectarse con nuestros esfuerzos comunitarios.<\/p>\n<p>Ocasionalmente tambi\u00e9n nos asociamos con otras firmas y negocios del \u00e1rea para nuestras visitas y donaciones. Si usted est\u00e1 interesado en unirse a nosotros en el proyecto Better Community Law, \u00a1nos encantar\u00eda involucrarlo! Por favor cont\u00e1ctenos hoy para m\u00e1s informaci\u00f3n.<\/p>\n","protected":false},"excerpt":{"rendered":"<p>A trav\u00e9s de Better Community Law, nos asociamos con nuestros clientes no solo para obtener una recuperaci\u00f3n monetaria en su nombre, sino tambi\u00e9n para servir a la comunidad en funci\u00f3n de sus intereses. Al brindar un servicio comunitario espec\u00edfico para cada cliente, esperamos ayudar a proteger a otros de sufrir las mismas p\u00e9rdidas que sufrieron [&hellip;]<\/p>\n","protected":false},"author":2,"featured_media":0,"parent":0,"menu_order":0,"comment_status":"closed","ping_status":"closed","template":"page-no-sidebar.php","meta":{"_trash_the_other_posts":false,"editor_notices":[],"footnotes":""},"class_list":["post-1562","page","type-page","status-publish","hentry"],"yoast_head":"<!-- This site is optimized with the Yoast SEO plugin v26.1.1 - https:\/\/yoast.com\/wordpress\/plugins\/seo\/ -->\n<title>Better Community Law - Preuss | Foster Law<\/title>\n<meta name=\"robots\" content=\"index, follow, max-snippet:-1, max-image-preview:large, max-video-preview:-1\" \/>\n<link rel=\"canonical\" href=\"https:\/\/pflaw.com\/es\/better-community-law\/\" \/>\n<meta property=\"og:locale\" content=\"en_US\" \/>\n<meta property=\"og:type\" content=\"article\" \/>\n<meta property=\"og:title\" content=\"Better Community Law - Preuss | Foster Law\" \/>\n<meta property=\"og:description\" content=\"A trav\u00e9s de Better Community Law, nos asociamos con nuestros clientes no solo para obtener una recuperaci\u00f3n monetaria en su nombre, sino tambi\u00e9n para servir a la comunidad en funci\u00f3n de sus intereses. Al brindar un servicio comunitario espec\u00edfico para cada cliente, esperamos ayudar a proteger a otros de sufrir las mismas p\u00e9rdidas que sufrieron [&hellip;]\" \/>\n<meta property=\"og:url\" content=\"https:\/\/pflaw.com\/es\/better-community-law\/\" \/>\n<meta property=\"og:site_name\" content=\"Preuss | Foster Law\" \/>\n<meta property=\"article:modified_time\" content=\"2023-09-19T19:56:53+00:00\" \/>\n<meta property=\"og:image\" content=\"https:\/\/pflaw.com\/wp-content\/uploads\/2023\/08\/Better-Community-Law.png\" \/>\n<meta name=\"twitter:card\" content=\"summary_large_image\" \/>\n<script type=\"application\/ld+json\" class=\"yoast-schema-graph\">{\"@context\":\"https:\/\/schema.org\",\"@graph\":[{\"@type\":\"WebPage\",\"@id\":\"https:\/\/pflaw.com\/es\/better-community-law\/\",\"url\":\"https:\/\/pflaw.com\/es\/better-community-law\/\",\"name\":\"Better Community Law - Preuss | Foster Law\",\"isPartOf\":{\"@id\":\"https:\/\/pflaw.com\/es\/#website\"},\"primaryImageOfPage\":{\"@id\":\"https:\/\/pflaw.com\/es\/better-community-law\/#primaryimage\"},\"image\":{\"@id\":\"https:\/\/pflaw.com\/es\/better-community-law\/#primaryimage\"},\"thumbnailUrl\":\"https:\/\/pflaw.com\/wp-content\/uploads\/2023\/08\/Better-Community-Law.png\",\"datePublished\":\"2023-09-19T19:56:31+00:00\",\"dateModified\":\"2023-09-19T19:56:53+00:00\",\"breadcrumb\":{\"@id\":\"https:\/\/pflaw.com\/es\/better-community-law\/#breadcrumb\"},\"inLanguage\":\"en-US\",\"potentialAction\":[{\"@type\":\"ReadAction\",\"target\":[\"https:\/\/pflaw.com\/es\/better-community-law\/\"]}]},{\"@type\":\"ImageObject\",\"inLanguage\":\"en-US\",\"@id\":\"https:\/\/pflaw.com\/es\/better-community-law\/#primaryimage\",\"url\":\"https:\/\/pflaw.com\/wp-content\/uploads\/2023\/08\/Better-Community-Law.png\",\"contentUrl\":\"https:\/\/pflaw.com\/wp-content\/uploads\/2023\/08\/Better-Community-Law.png\"},{\"@type\":\"BreadcrumbList\",\"@id\":\"https:\/\/pflaw.com\/es\/better-community-law\/#breadcrumb\",\"itemListElement\":[{\"@type\":\"ListItem\",\"position\":1,\"name\":\"Home\",\"item\":\"https:\/\/pflaw.com\/es\/\"},{\"@type\":\"ListItem\",\"position\":2,\"name\":\"Better Community Law\"}]},{\"@type\":\"WebSite\",\"@id\":\"https:\/\/pflaw.com\/es\/#website\",\"url\":\"https:\/\/pflaw.com\/es\/\",\"name\":\"Preuss | Foster Law\",\"description\":\"Lawyers With... National Experience.  Proven Success.  Local Commitment.\",\"publisher\":{\"@id\":\"https:\/\/pflaw.com\/es\/#organization\"},\"potentialAction\":[{\"@type\":\"SearchAction\",\"target\":{\"@type\":\"EntryPoint\",\"urlTemplate\":\"https:\/\/pflaw.com\/es\/?s={search_term_string}\"},\"query-input\":{\"@type\":\"PropertyValueSpecification\",\"valueRequired\":true,\"valueName\":\"search_term_string\"}}],\"inLanguage\":\"en-US\"},{\"@type\":\"Organization\",\"@id\":\"https:\/\/pflaw.com\/es\/#organization\",\"name\":\"Preuss | Foster Law\",\"url\":\"https:\/\/pflaw.com\/es\/\",\"logo\":{\"@type\":\"ImageObject\",\"inLanguage\":\"en-US\",\"@id\":\"https:\/\/pflaw.com\/es\/#\/schema\/logo\/image\/\",\"url\":\"https:\/\/pflaw.com\/es\/wp-content\/uploads\/sites\/2\/2021\/07\/pflaw-opengraph-image.jpg\",\"contentUrl\":\"https:\/\/pflaw.com\/es\/wp-content\/uploads\/sites\/2\/2021\/07\/pflaw-opengraph-image.jpg\",\"width\":1200,\"height\":627,\"caption\":\"Preuss | Foster Law\"},\"image\":{\"@id\":\"https:\/\/pflaw.com\/es\/#\/schema\/logo\/image\/\"}}]}<\/script>\n<!-- \/ Yoast SEO plugin. -->","yoast_head_json":{"title":"Better Community Law - Preuss | Foster Law","robots":{"index":"index","follow":"follow","max-snippet":"max-snippet:-1","max-image-preview":"max-image-preview:large","max-video-preview":"max-video-preview:-1"},"canonical":"https:\/\/pflaw.com\/es\/better-community-law\/","og_locale":"en_US","og_type":"article","og_title":"Better Community Law - Preuss | Foster Law","og_description":"A trav\u00e9s de Better Community Law, nos asociamos con nuestros clientes no solo para obtener una recuperaci\u00f3n monetaria en su nombre, sino tambi\u00e9n para servir a la comunidad en funci\u00f3n de sus intereses. Al brindar un servicio comunitario espec\u00edfico para cada cliente, esperamos ayudar a proteger a otros de sufrir las mismas p\u00e9rdidas que sufrieron [&hellip;]","og_url":"https:\/\/pflaw.com\/es\/better-community-law\/","og_site_name":"Preuss | Foster Law","article_modified_time":"2023-09-19T19:56:53+00:00","og_image":[{"url":"https:\/\/pflaw.com\/wp-content\/uploads\/2023\/08\/Better-Community-Law.png","type":"","width":"","height":""}],"twitter_card":"summary_large_image","schema":{"@context":"https:\/\/schema.org","@graph":[{"@type":"WebPage","@id":"https:\/\/pflaw.com\/es\/better-community-law\/","url":"https:\/\/pflaw.com\/es\/better-community-law\/","name":"Better Community Law - Preuss | Foster Law","isPartOf":{"@id":"https:\/\/pflaw.com\/es\/#website"},"primaryImageOfPage":{"@id":"https:\/\/pflaw.com\/es\/better-community-law\/#primaryimage"},"image":{"@id":"https:\/\/pflaw.com\/es\/better-community-law\/#primaryimage"},"thumbnailUrl":"https:\/\/pflaw.com\/wp-content\/uploads\/2023\/08\/Better-Community-Law.png","datePublished":"2023-09-19T19:56:31+00:00","dateModified":"2023-09-19T19:56:53+00:00","breadcrumb":{"@id":"https:\/\/pflaw.com\/es\/better-community-law\/#breadcrumb"},"inLanguage":"en-US","potentialAction":[{"@type":"ReadAction","target":["https:\/\/pflaw.com\/es\/better-community-law\/"]}]},{"@type":"ImageObject","inLanguage":"en-US","@id":"https:\/\/pflaw.com\/es\/better-community-law\/#primaryimage","url":"https:\/\/pflaw.com\/wp-content\/uploads\/2023\/08\/Better-Community-Law.png","contentUrl":"https:\/\/pflaw.com\/wp-content\/uploads\/2023\/08\/Better-Community-Law.png"},{"@type":"BreadcrumbList","@id":"https:\/\/pflaw.com\/es\/better-community-law\/#breadcrumb","itemListElement":[{"@type":"ListItem","position":1,"name":"Home","item":"https:\/\/pflaw.com\/es\/"},{"@type":"ListItem","position":2,"name":"Better Community Law"}]},{"@type":"WebSite","@id":"https:\/\/pflaw.com\/es\/#website","url":"https:\/\/pflaw.com\/es\/","name":"Preuss | Foster Law","description":"Lawyers With... National Experience.  Proven Success.  Local Commitment.","publisher":{"@id":"https:\/\/pflaw.com\/es\/#organization"},"potentialAction":[{"@type":"SearchAction","target":{"@type":"EntryPoint","urlTemplate":"https:\/\/pflaw.com\/es\/?s={search_term_string}"},"query-input":{"@type":"PropertyValueSpecification","valueRequired":true,"valueName":"search_term_string"}}],"inLanguage":"en-US"},{"@type":"Organization","@id":"https:\/\/pflaw.com\/es\/#organization","name":"Preuss | Foster Law","url":"https:\/\/pflaw.com\/es\/","logo":{"@type":"ImageObject","inLanguage":"en-US","@id":"https:\/\/pflaw.com\/es\/#\/schema\/logo\/image\/","url":"https:\/\/pflaw.com\/es\/wp-content\/uploads\/sites\/2\/2021\/07\/pflaw-opengraph-image.jpg","contentUrl":"https:\/\/pflaw.com\/es\/wp-content\/uploads\/sites\/2\/2021\/07\/pflaw-opengraph-image.jpg","width":1200,"height":627,"caption":"Preuss | Foster Law"},"image":{"@id":"https:\/\/pflaw.com\/es\/#\/schema\/logo\/image\/"}}]}},"_links":{"self":[{"href":"https:\/\/pflaw.com\/es\/wp-json\/wp\/v2\/pages\/1562","targetHints":{"allow":["GET"]}}],"collection":[{"href":"https:\/\/pflaw.com\/es\/wp-json\/wp\/v2\/pages"}],"about":[{"href":"https:\/\/pflaw.com\/es\/wp-json\/wp\/v2\/types\/page"}],"author":[{"embeddable":true,"href":"https:\/\/pflaw.com\/es\/wp-json\/wp\/v2\/users\/2"}],"replies":[{"embeddable":true,"href":"https:\/\/pflaw.com\/es\/wp-json\/wp\/v2\/comments?post=1562"}],"version-history":[{"count":1,"href":"https:\/\/pflaw.com\/es\/wp-json\/wp\/v2\/pages\/1562\/revisions"}],"predecessor-version":[{"id":1563,"href":"https:\/\/pflaw.com\/es\/wp-json\/wp\/v2\/pages\/1562\/revisions\/1563"}],"wp:attachment":[{"href":"https:\/\/pflaw.com\/es\/wp-json\/wp\/v2\/media?parent=1562"}],"curies":[{"name":"wp","href":"https:\/\/api.w.org\/{rel}","templated":true}]}}